{"id":15,"date":"2017-11-28T13:58:56","date_gmt":"2017-11-28T13:58:56","guid":{"rendered":"https:\/\/mikrokulma.fi\/kotka\/?page_id=15"},"modified":"2018-04-09T08:51:56","modified_gmt":"2018-04-09T08:51:56","slug":"osastot","status":"publish","type":"page","link":"https:\/\/mikrokulma.fi\/kotka\/osastot\/","title":{"rendered":"Osastot"},"content":{"rendered":"<h1 style=\"text-align: center;\">Laadukkaat IKH ty\u00f6kalut ja varaosat<\/h1>\n<p>&nbsp;<\/p>\n<div class=\"columns row group\">\n<div class=\"col cols-2\">\n<p><img loading=\"lazy\" decoding=\"async\" src=\"https:\/\/mikrokulma.fi\/kotka\/wp-content\/uploads\/sites\/2\/2018\/03\/oljyt.jpg\" alt=\"\" width=\"535\" height=\"401\" class=\"alignnone wp-image-73 size-full\" srcset=\"https:\/\/mikrokulma.fi\/kotka\/wp-content\/uploads\/sites\/2\/2018\/03\/oljyt.jpg 535w, https:\/\/mikrokulma.fi\/kotka\/wp-content\/uploads\/sites\/2\/2018\/03\/oljyt-500x375.jpg 500w, https:\/\/mikrokulma.fi\/kotka\/wp-content\/uploads\/sites\/2\/2018\/03\/oljyt-534x400.jpg 534w, https:\/\/mikrokulma.fi\/kotka\/wp-content\/uploads\/sites\/2\/2018\/03\/oljyt-259x194.jpg 259w, https:\/\/mikrokulma.fi\/kotka\/wp-content\/uploads\/sites\/2\/2018\/03\/oljyt-150x112.jpg 150w\" sizes=\"auto, (max-width: 535px) 100vw, 535px\" \/><\/p>\n<\/div>\n<div class=\"col cols-2\">\n<p>IKH-ketjun tukevana kivijalkana toimii pian 50-vuotias kotimainen maahantuontiyritys Isojoen Konehalli Oy, jolla on laaja kokemus teknisen kaupan alalta. Yritys tuo maahan yli 50 000 nimikkeen tuotevalikoimaa 30:st\u00e4 eri maasta k\u00e4sitt\u00e4en mm. ty\u00f6kalut, tekniset koneet ja laitteet, traktorien ja ty\u00f6koneiden varaosat- ja tarvikkeet, suojaimet, ty\u00f6vaatteet, kiinnikkeet, kemikaalit, akut, maatalousrenkaat ja per\u00e4vaunut tarvikkeineen. Toimisto ja logistiikkakeskus sijaitsevat Kauhajoella, Etel\u00e4-Pohjanmaalla.<\/p>\n<p>Myynti Suomen markkinoille tapahtuu p\u00e4\u00e4osin IKH Ty\u00f6kalut ja Varaosat -j\u00e4lleenmyyj\u00e4verkoston kautta, joka kattaa koko Suomen yli 130 myym\u00e4l\u00e4n vahvuudella. Myym\u00e4l\u00e4t palvelevat laajaa asiakaskuntaa harrastajista ammattilaisiin. Kasvussa olevaa vientikauppaa tehd\u00e4\u00e4n p\u00e4\u00e4osin Baltiaan ja Pohjoismaihin.<\/p>\n<\/div>\n<\/div>\n<p>&nbsp;<\/p>\n<h2><\/h2>\n<div class=\"columns row group\">\n<div class=\"col cols-2\">\n<h2>Ty\u00f6kalut<\/h2>\n<p>&nbsp;<\/p>\n<p>Oletko alasi ammattilainen, rakennatko tai remontoitko omaa kotia vai ruuvailetko mielell\u00e4si pajassa tai verstaassa? Laajasta valikoimastamme l\u00f6yd\u00e4t tarpeisiisi ja vaatimuksiisi sopivat ty\u00f6kalut, joilla ty\u00f6si sujuu mallikkaasti. Meilt\u00e4 l\u00f6yd\u00e4t sek\u00e4 yksitt\u00e4iset ty\u00f6kalut, ty\u00f6kalusarjat ja monipuoliset ty\u00f6kaluvaunut tarvitset sitten ty\u00f6v\u00e4linett\u00e4 rakennus-, korjaamo-, kuljetus- tai kiinteist\u00f6nhoitoalalla, teollisuudessa tai kotik\u00e4yt\u00f6ss\u00e4.<\/p>\n<\/div>\n<div class=\"col cols-2\">\n<h2>Varaosat<\/h2>\n<p>&nbsp;<\/p>\n<p>Arvostamme suomalaista maataloutta ja tarjoammekin kattavan valikoiman varaosia kaiken kokoisten ja kaiken ik\u00e4isten traktorien kunnostamiseen ja huoltamiseen. Valikoimastamme l\u00f6ytyy varaosia yli 2000 traktorimalliin ja olemme huomioineet my\u00f6s harvinaisemmat koneet ja osat! Yleisimmiss\u00e4 traktorimalleissa osat on ryhmitelty aihealueittain esim. suodattimet, moottorin osat, ohjaamo- ja koriosat, voimansiirto ja vaihteisto, s\u00e4hk\u00f6osat ja nostolaitteen osat.<\/p>\n<p>Olemme vakuuttuneita tuotteidemme laadusta ja my\u00f6nn\u00e4mme osalle varaosista jopa kahden vuoden (tai 1500 tunnin) takuun!, s\u00e4hk\u00f6osat ja nostolaitteen osat.<\/p>\n<\/div>\n<\/div>\n<p>&nbsp;<\/p>\n<h2><\/h2>\n<div class=\"columns row group\">\n<div class=\"col cols-2\">\n<h2>Suojaimet<\/h2>\n<p>&nbsp;<\/p>\n<p>Kun tarvitset laadukkaita ty\u00f6asuja tai ty\u00f6kenki\u00e4, asianmukaisia suojaimia tai turvallisuuteen liittyvi\u00e4 tuotteita, saat t\u00e4m\u00e4n kaiken IKH:lta. Ty\u00f6asuja l\u00f6ytyy eri vuodenaikoihin ja kylmiinkin olosuhteisiin, my\u00f6s palosuojatut ty\u00f6asut ja metsurin vaatteet ovat valikoimassamme. Kysy my\u00f6s painatus- ja brodeerauspalveluitamme jos haluat esim. yrityksellesi edustavat ty\u00f6asut omalla logolla!<\/p>\n<\/div>\n<div class=\"col cols-2\">\n<h2>Per\u00e4k\u00e4rryt<\/h2>\n<p>&nbsp;<\/p>\n<p>Tutustu per\u00e4k\u00e4rry -valikoimaamme ja l\u00f6yd\u00e4 sopiva per\u00e4k\u00e4rry tarpeisiisi. Laajasta valikoimastamme l\u00f6yd\u00e4t 1- ja 2-akseliset jarruttomat ja jarrulliset per\u00e4k\u00e4rryt sek\u00e4 kuomulliset per\u00e4k\u00e4rryt. Per\u00e4k\u00e4rry\u00e4 valittaessa muista tarkistaa per\u00e4k\u00e4rryn sallima enimm\u00e4ispainoraja.<\/p>\n<\/div>\n<\/div>\n<p>&nbsp;<\/p>\n","protected":false},"excerpt":{"rendered":"<p>Laadukkaat IKH ty\u00f6kalut ja varaosat &nbsp; IKH-ketjun tukevana kivijalkana toimii pian 50-vuotias kotimainen maahantuontiyritys Isojoen Konehalli Oy, jolla on laaja kokemus teknisen kaupan alalta. Yritys tuo maahan yli 50 000 nimikkeen tuotevalikoimaa 30:st\u00e4 eri maasta k\u00e4sitt\u00e4en mm. ty\u00f6kalut, tekniset koneet ja laitteet, traktorien ja ty\u00f6koneiden varaosat- ja tarvikkeet, suojaimet, ty\u00f6vaatteet, kiinnikkeet, kemikaalit, akut, maatalousrenkaat ja [&hellip;]<\/p>\n","protected":false},"author":1,"featured_media":0,"parent":0,"menu_order":0,"comment_status":"closed","ping_status":"closed","template":"","meta":{"_acf_changed":false,"footnotes":""},"class_list":["post-15","page","type-page","status-publish","hentry"],"acf":[],"yoast_head":"<!-- This site is optimized with the Yoast SEO plugin v27.5 - https:\/\/yoast.com\/product\/yoast-seo-wordpress\/ -->\n<title>Osastot - Mikrokulma Kotka<\/title>\n<meta name=\"robots\" content=\"index, follow, max-snippet:-1, max-image-preview:large, max-video-preview:-1\" \/>\n<link rel=\"canonical\" href=\"https:\/\/mikrokulma.fi\/kotka\/osastot\/\" \/>\n<meta property=\"og:locale\" content=\"fi_FI\" \/>\n<meta property=\"og:type\" content=\"article\" \/>\n<meta property=\"og:title\" content=\"Osastot - Mikrokulma Kotka\" \/>\n<meta property=\"og:description\" content=\"Laadukkaat IKH ty\u00f6kalut ja varaosat &nbsp; IKH-ketjun tukevana kivijalkana toimii pian 50-vuotias kotimainen maahantuontiyritys Isojoen Konehalli Oy, jolla on laaja kokemus teknisen kaupan alalta. Yritys tuo maahan yli 50 000 nimikkeen tuotevalikoimaa 30:st\u00e4 eri maasta k\u00e4sitt\u00e4en mm. ty\u00f6kalut, tekniset koneet ja laitteet, traktorien ja ty\u00f6koneiden varaosat- ja tarvikkeet, suojaimet, ty\u00f6vaatteet, kiinnikkeet, kemikaalit, akut, maatalousrenkaat ja [&hellip;]\" \/>\n<meta property=\"og:url\" content=\"https:\/\/mikrokulma.fi\/kotka\/osastot\/\" \/>\n<meta property=\"og:site_name\" content=\"Mikrokulma Kotka\" \/>\n<meta property=\"article:modified_time\" content=\"2018-04-09T08:51:56+00:00\" \/>\n<meta property=\"og:image\" content=\"https:\/\/mikrokulma.fi\/kotka\/wp-content\/uploads\/sites\/2\/2018\/03\/oljyt.jpg\" \/>\n<meta name=\"twitter:card\" content=\"summary_large_image\" \/>\n<meta name=\"twitter:label1\" content=\"Arvioitu lukuaika\" \/>\n\t<meta name=\"twitter:data1\" content=\"2 minuuttia\" \/>\n<script type=\"application\/ld+json\" class=\"yoast-schema-graph\">{\"@context\":\"https:\\\/\\\/schema.org\",\"@graph\":[{\"@type\":\"WebPage\",\"@id\":\"https:\\\/\\\/mikrokulma.fi\\\/kotka\\\/osastot\\\/\",\"url\":\"https:\\\/\\\/mikrokulma.fi\\\/kotka\\\/osastot\\\/\",\"name\":\"Osastot - Mikrokulma Kotka\",\"isPartOf\":{\"@id\":\"https:\\\/\\\/mikrokulma.fi\\\/kotka\\\/#website\"},\"primaryImageOfPage\":{\"@id\":\"https:\\\/\\\/mikrokulma.fi\\\/kotka\\\/osastot\\\/#primaryimage\"},\"image\":{\"@id\":\"https:\\\/\\\/mikrokulma.fi\\\/kotka\\\/osastot\\\/#primaryimage\"},\"thumbnailUrl\":\"https:\\\/\\\/mikrokulma.fi\\\/kotka\\\/wp-content\\\/uploads\\\/sites\\\/2\\\/2018\\\/03\\\/oljyt.jpg\",\"datePublished\":\"2017-11-28T13:58:56+00:00\",\"dateModified\":\"2018-04-09T08:51:56+00:00\",\"breadcrumb\":{\"@id\":\"https:\\\/\\\/mikrokulma.fi\\\/kotka\\\/osastot\\\/#breadcrumb\"},\"inLanguage\":\"fi\",\"potentialAction\":[{\"@type\":\"ReadAction\",\"target\":[\"https:\\\/\\\/mikrokulma.fi\\\/kotka\\\/osastot\\\/\"]}]},{\"@type\":\"ImageObject\",\"inLanguage\":\"fi\",\"@id\":\"https:\\\/\\\/mikrokulma.fi\\\/kotka\\\/osastot\\\/#primaryimage\",\"url\":\"https:\\\/\\\/mikrokulma.fi\\\/kotka\\\/wp-content\\\/uploads\\\/sites\\\/2\\\/2018\\\/03\\\/oljyt.jpg\",\"contentUrl\":\"https:\\\/\\\/mikrokulma.fi\\\/kotka\\\/wp-content\\\/uploads\\\/sites\\\/2\\\/2018\\\/03\\\/oljyt.jpg\",\"width\":535,\"height\":401},{\"@type\":\"BreadcrumbList\",\"@id\":\"https:\\\/\\\/mikrokulma.fi\\\/kotka\\\/osastot\\\/#breadcrumb\",\"itemListElement\":[{\"@type\":\"ListItem\",\"position\":1,\"name\":\"Home\",\"item\":\"https:\\\/\\\/mikrokulma.fi\\\/kotka\\\/\"},{\"@type\":\"ListItem\",\"position\":2,\"name\":\"Osastot\"}]},{\"@type\":\"WebSite\",\"@id\":\"https:\\\/\\\/mikrokulma.fi\\\/kotka\\\/#website\",\"url\":\"https:\\\/\\\/mikrokulma.fi\\\/kotka\\\/\",\"name\":\"Mikrokulma Kotka\",\"description\":\"\",\"potentialAction\":[{\"@type\":\"SearchAction\",\"target\":{\"@type\":\"EntryPoint\",\"urlTemplate\":\"https:\\\/\\\/mikrokulma.fi\\\/kotka\\\/?s={search_term_string}\"},\"query-input\":{\"@type\":\"PropertyValueSpecification\",\"valueRequired\":true,\"valueName\":\"search_term_string\"}}],\"inLanguage\":\"fi\"}]}<\/script>\n<!-- \/ Yoast SEO plugin. -->","yoast_head_json":{"title":"Osastot - Mikrokulma Kotka","robots":{"index":"index","follow":"follow","max-snippet":"max-snippet:-1","max-image-preview":"max-image-preview:large","max-video-preview":"max-video-preview:-1"},"canonical":"https:\/\/mikrokulma.fi\/kotka\/osastot\/","og_locale":"fi_FI","og_type":"article","og_title":"Osastot - Mikrokulma Kotka","og_description":"Laadukkaat IKH ty\u00f6kalut ja varaosat &nbsp; IKH-ketjun tukevana kivijalkana toimii pian 50-vuotias kotimainen maahantuontiyritys Isojoen Konehalli Oy, jolla on laaja kokemus teknisen kaupan alalta. Yritys tuo maahan yli 50 000 nimikkeen tuotevalikoimaa 30:st\u00e4 eri maasta k\u00e4sitt\u00e4en mm. ty\u00f6kalut, tekniset koneet ja laitteet, traktorien ja ty\u00f6koneiden varaosat- ja tarvikkeet, suojaimet, ty\u00f6vaatteet, kiinnikkeet, kemikaalit, akut, maatalousrenkaat ja [&hellip;]","og_url":"https:\/\/mikrokulma.fi\/kotka\/osastot\/","og_site_name":"Mikrokulma Kotka","article_modified_time":"2018-04-09T08:51:56+00:00","og_image":[{"url":"https:\/\/mikrokulma.fi\/kotka\/wp-content\/uploads\/sites\/2\/2018\/03\/oljyt.jpg","type":"","width":"","height":""}],"twitter_card":"summary_large_image","twitter_misc":{"Arvioitu lukuaika":"2 minuuttia"},"schema":{"@context":"https:\/\/schema.org","@graph":[{"@type":"WebPage","@id":"https:\/\/mikrokulma.fi\/kotka\/osastot\/","url":"https:\/\/mikrokulma.fi\/kotka\/osastot\/","name":"Osastot - Mikrokulma Kotka","isPartOf":{"@id":"https:\/\/mikrokulma.fi\/kotka\/#website"},"primaryImageOfPage":{"@id":"https:\/\/mikrokulma.fi\/kotka\/osastot\/#primaryimage"},"image":{"@id":"https:\/\/mikrokulma.fi\/kotka\/osastot\/#primaryimage"},"thumbnailUrl":"https:\/\/mikrokulma.fi\/kotka\/wp-content\/uploads\/sites\/2\/2018\/03\/oljyt.jpg","datePublished":"2017-11-28T13:58:56+00:00","dateModified":"2018-04-09T08:51:56+00:00","breadcrumb":{"@id":"https:\/\/mikrokulma.fi\/kotka\/osastot\/#breadcrumb"},"inLanguage":"fi","potentialAction":[{"@type":"ReadAction","target":["https:\/\/mikrokulma.fi\/kotka\/osastot\/"]}]},{"@type":"ImageObject","inLanguage":"fi","@id":"https:\/\/mikrokulma.fi\/kotka\/osastot\/#primaryimage","url":"https:\/\/mikrokulma.fi\/kotka\/wp-content\/uploads\/sites\/2\/2018\/03\/oljyt.jpg","contentUrl":"https:\/\/mikrokulma.fi\/kotka\/wp-content\/uploads\/sites\/2\/2018\/03\/oljyt.jpg","width":535,"height":401},{"@type":"BreadcrumbList","@id":"https:\/\/mikrokulma.fi\/kotka\/osastot\/#breadcrumb","itemListElement":[{"@type":"ListItem","position":1,"name":"Home","item":"https:\/\/mikrokulma.fi\/kotka\/"},{"@type":"ListItem","position":2,"name":"Osastot"}]},{"@type":"WebSite","@id":"https:\/\/mikrokulma.fi\/kotka\/#website","url":"https:\/\/mikrokulma.fi\/kotka\/","name":"Mikrokulma Kotka","description":"","potentialAction":[{"@type":"SearchAction","target":{"@type":"EntryPoint","urlTemplate":"https:\/\/mikrokulma.fi\/kotka\/?s={search_term_string}"},"query-input":{"@type":"PropertyValueSpecification","valueRequired":true,"valueName":"search_term_string"}}],"inLanguage":"fi"}]}},"_links":{"self":[{"href":"https:\/\/mikrokulma.fi\/kotka\/wp-json\/wp\/v2\/pages\/15","targetHints":{"allow":["GET"]}}],"collection":[{"href":"https:\/\/mikrokulma.fi\/kotka\/wp-json\/wp\/v2\/pages"}],"about":[{"href":"https:\/\/mikrokulma.fi\/kotka\/wp-json\/wp\/v2\/types\/page"}],"author":[{"embeddable":true,"href":"https:\/\/mikrokulma.fi\/kotka\/wp-json\/wp\/v2\/users\/1"}],"replies":[{"embeddable":true,"href":"https:\/\/mikrokulma.fi\/kotka\/wp-json\/wp\/v2\/comments?post=15"}],"version-history":[{"count":14,"href":"https:\/\/mikrokulma.fi\/kotka\/wp-json\/wp\/v2\/pages\/15\/revisions"}],"predecessor-version":[{"id":119,"href":"https:\/\/mikrokulma.fi\/kotka\/wp-json\/wp\/v2\/pages\/15\/revisions\/119"}],"wp:attachment":[{"href":"https:\/\/mikrokulma.fi\/kotka\/wp-json\/wp\/v2\/media?parent=15"}],"curies":[{"name":"wp","href":"https:\/\/api.w.org\/{rel}","templated":true}]}}