{"id":17,"date":"2017-11-28T13:59:04","date_gmt":"2017-11-28T13:59:04","guid":{"rendered":"https:\/\/mikrokulma.fi\/kotka\/?page_id=17"},"modified":"2019-10-14T11:48:42","modified_gmt":"2019-10-14T11:48:42","slug":"kuvastot","status":"publish","type":"page","link":"https:\/\/mikrokulma.fi\/kotka\/kuvastot\/","title":{"rendered":"Kuvastot"},"content":{"rendered":"<h2 style=\"text-align: center;\">Tuote-esitteet<\/h2>\n<p style=\"text-align: center;\"><div class=\"kuvastot\"><a href=\"http:\/\/www.ikh.fi\/documents\/led_tyovalot_2015_tyokoneet.pdf\" target=\"_blank\" class=\"cell\"><div class=\"kuva\"><img decoding=\"async\" src=\"https:\/\/mikrokulma.fi\/kotka\/wp-content\/uploads\/2017\/11\/led_tyovalot_tyokoneisiin_2015_kansi_150px-150x212.jpg\"><\/div><span class=\"teksti\">LED ty\u00f6valot ty\u00f6koneisiin 2015<\/span><\/a><a href=\"https:\/\/issuu.com\/ikh.fi\/docs\/jaaketjut__ja_-nastat_2015?e=25078916\/37658492\" target=\"_blank\" class=\"cell\"><div class=\"kuva\"><img decoding=\"async\" src=\"https:\/\/mikrokulma.fi\/kotka\/wp-content\/uploads\/2017\/11\/Jaaketjut_ja-nastat_2015_kansi_150px-150x212.jpg\"><\/div><span class=\"teksti\">J\u00e4\u00e4ketjut ja j\u00e4\u00e4nastat 2016<\/span><\/a><a href=\"https:\/\/issuu.com\/ikh.fi\/docs\/jaaketjut__ja_-nastat_2015?e=25078916\/37658492\" target=\"_blank\" class=\"cell\"><div class=\"kuva\"><img decoding=\"async\" src=\"https:\/\/mikrokulma.fi\/kotka\/wp-content\/uploads\/2017\/11\/Pultit_mutterit_aluslevyt_2015_kansi_150px-150x212.jpg\"><\/div><span class=\"teksti\">Pultit, mutterit ja aluslevyt 2015<\/span><\/a><a href=\"http:\/\/www.ikh.fi\/documents\/ruuvit_27102015.pdf\" target=\"_blank\" class=\"cell\"><div class=\"kuva\"><img decoding=\"async\" src=\"https:\/\/mikrokulma.fi\/kotka\/wp-content\/uploads\/2017\/11\/Ruuvit_2015_kansi_150px-150x212.jpg\"><\/div><span class=\"teksti\">Ruuvit 2015<\/span><\/a><a href=\"http:\/\/www.ikh.fi\/documents\/tulpat_ja_ankkurit_02102015.pdf\" target=\"_blank\" class=\"cell\"><div class=\"kuva\"><img decoding=\"async\" src=\"https:\/\/mikrokulma.fi\/kotka\/wp-content\/uploads\/2017\/11\/Tulpat_ja_ankkurit_2015_kansi_150px-150x212.jpg\"><\/div><span class=\"teksti\">Tulpat ja ankkurit 2015<\/span><\/a><a href=\"https:\/\/issuu.com\/ikh.fi\/docs\/ikh_patron_workwear_2018?e=25078916\/55335448\" target=\"_blank\" class=\"cell\"><div class=\"kuva\"><img decoding=\"async\" src=\"https:\/\/mikrokulma.fi\/kotka\/wp-content\/uploads\/2017\/11\/patron-150x210.png\"><\/div><span class=\"teksti\">Patron Workwear 2018<\/span><\/a><a href=\"https:\/\/issuu.com\/ikh.fi\/docs\/hh_workwear_2017?e=25078916\/52143669\" target=\"_blank\" class=\"cell\"><div class=\"kuva\"><img decoding=\"async\" src=\"https:\/\/mikrokulma.fi\/kotka\/wp-content\/uploads\/2017\/11\/hh-150x207.png\"><\/div><span class=\"teksti\">HellyHansen Workwear 2017<\/span><\/a><a href=\"https:\/\/issuu.com\/ikh.fi\/docs\/hh_workwear_2017?e=25078916\/52143669\" target=\"_blank\" class=\"cell\"><div class=\"kuva\"><img decoding=\"async\" src=\"https:\/\/mikrokulma.fi\/kotka\/wp-content\/uploads\/2017\/11\/Greenworks_tools_2015_kansi_150px-150x212.jpg\"><\/div><span class=\"teksti\">Greenworks tools 2015<\/span><\/a><a href=\"https:\/\/issuu.com\/ikh.fi\/docs\/tarmo_ty__koneet_2017_issuu?e=25078916\/46722709\" target=\"_blank\" class=\"cell\"><div class=\"kuva\"><img decoding=\"async\" src=\"https:\/\/mikrokulma.fi\/kotka\/wp-content\/uploads\/2017\/11\/Jinma_traktorit_kansi_150px-150x212.jpg\"><\/div><span class=\"teksti\">Tarmo - Ty\u00f6koneet 2017<\/span><\/a><a href=\"http:\/\/www.ikh.fi\/documents\/led_valaisimet_06112015.pdf\" target=\"_blank\" class=\"cell\"><div class=\"kuva\"><img decoding=\"async\" src=\"https:\/\/mikrokulma.fi\/kotka\/wp-content\/uploads\/2017\/11\/LED_valaisimet_2015_kansi_150px-150x212.jpg\"><\/div><span class=\"teksti\">LED Valaisimet 2015<\/span><\/a><a href=\"https:\/\/issuu.com\/ikh.fi\/docs\/hiomatarvikkeet_mirka_valikoima_201?e=25078916\/37658179\" target=\"_blank\" class=\"cell\"><div class=\"kuva\"><img decoding=\"async\" src=\"https:\/\/mikrokulma.fi\/kotka\/wp-content\/uploads\/2017\/11\/mirka-150x215.png\"><\/div><span class=\"teksti\">Hiomatarvikkeet Mirka 2017<\/span><\/a><a href=\"http:\/\/www.ikh.fi\/documents\/opasteet2016_web.pdf\" target=\"_blank\" class=\"cell\"><div class=\"kuva\"><img decoding=\"async\" src=\"https:\/\/mikrokulma.fi\/kotka\/wp-content\/uploads\/2017\/11\/Opasteet_kansi_150px-150x212.jpg\"><\/div><span class=\"teksti\">Opasteet 2016<\/span><\/a><a href=\"http:\/\/www.ikh.fi\/documents\/kasinetaulukko-2016-web.pdf\" target=\"_blank\" class=\"cell\"><div class=\"kuva\"><img decoding=\"async\" src=\"https:\/\/mikrokulma.fi\/kotka\/wp-content\/uploads\/2017\/11\/tyokaseneet-2016-kansi_150px-150x211.jpg\"><\/div><span class=\"teksti\">Ty\u00f6k\u00e4sineet 2016<\/span><\/a><a href=\"https:\/\/issuu.com\/ikh.fi\/docs\/sievi_2017?e=25078916\/52145290\" target=\"_blank\" class=\"cell\"><div class=\"kuva\"><img decoding=\"async\" src=\"https:\/\/mikrokulma.fi\/kotka\/wp-content\/uploads\/2017\/11\/sievi-150x214.png\"><\/div><span class=\"teksti\">Sievi 2017<\/span><\/a><a href=\"http:\/\/www.ikh.fi\/documents\/kierretyokalut_20042016.pdf\" target=\"_blank\" class=\"cell\"><div class=\"kuva\"><img decoding=\"async\" src=\"https:\/\/mikrokulma.fi\/kotka\/wp-content\/uploads\/2017\/11\/Kierretyokalut_2016_kansi_150px-150x212.jpg\"><\/div><span class=\"teksti\">Kierrety\u00f6kalut 2016<\/span><\/a><a href=\"http:\/\/www.ikh.fi\/documents\/rengasluettelo_2016_web.pdf\" target=\"_blank\" class=\"cell\"><div class=\"kuva\"><img decoding=\"async\" src=\"https:\/\/mikrokulma.fi\/kotka\/wp-content\/uploads\/2017\/11\/Rengasluettelo_2016_150px-150x212.jpg\"><\/div><span class=\"teksti\">Rengasluettelo 2016<\/span><\/a><a href=\"https:\/\/issuu.com\/ikh.fi\/docs\/ikh_suojaimet_ja_turvatuotteet_2016?e=25078916\/38997852\" target=\"_blank\" class=\"cell\"><div class=\"kuva\"><img decoding=\"async\" src=\"https:\/\/mikrokulma.fi\/kotka\/wp-content\/uploads\/2017\/11\/suojaimet-kansi_150px-150x211.jpg\"><\/div><span class=\"teksti\">Suojaimet ja turvatuotteet 2016<\/span><\/a><a href=\"https:\/\/issuu.com\/ikh.fi\/docs\/ikh_hydrauliikkaluettelo?e=25078916\/40324765\" target=\"_blank\" class=\"cell\"><div class=\"kuva\"><img decoding=\"async\" src=\"https:\/\/mikrokulma.fi\/kotka\/wp-content\/uploads\/2017\/11\/ikh-hydrauliikkaluettelo_150px-150x212.jpg\"><\/div><span class=\"teksti\">IKH Hydrauliikkaluettelo<\/span><\/a><a href=\"https:\/\/issuu.com\/ikh.fi\/docs\/ikh_hh_2017_web?e=25078916\/52056252\" target=\"_blank\" class=\"cell\"><div class=\"kuva\"><img decoding=\"async\" src=\"https:\/\/mikrokulma.fi\/kotka\/wp-content\/uploads\/2017\/11\/ikh_hh.png\"><\/div><span class=\"teksti\">IKH Helly Hansen 2017<\/span><\/a><a href=\"https:\/\/issuu.com\/ikh.fi\/docs\/crx_akkuluettelo_2017?e=25078916\/53097279\" target=\"_blank\" class=\"cell\"><div class=\"kuva\"><img decoding=\"async\" src=\"https:\/\/mikrokulma.fi\/kotka\/wp-content\/uploads\/2017\/11\/crx.png\"><\/div><span class=\"teksti\">CRX akkuluettelo 2017<\/span><\/a><a href=\"https:\/\/issuu.com\/ikh.fi\/docs\/ikh_poranterat_ja_reikasahat?e=25078916\/53182241\" target=\"_blank\" class=\"cell\"><div class=\"kuva\"><img decoding=\"async\" src=\"https:\/\/mikrokulma.fi\/kotka\/wp-content\/uploads\/2017\/11\/poranterat.png\"><\/div><span class=\"teksti\">IKH Poranter\u00e4t ja reik\u00e4sahat<\/span><\/a><a href=\"https:\/\/issuu.com\/ikh.fi\/docs\/ikh_tyovalot_2017?e=25078916\/53211328\" target=\"_blank\" class=\"cell\"><div class=\"kuva\"><img decoding=\"async\" src=\"https:\/\/mikrokulma.fi\/kotka\/wp-content\/uploads\/2017\/11\/tyovalot-150x206.png\"><\/div><span class=\"teksti\">IKH ty\u00f6valot 2017<\/span><\/a><a href=\"\" target=\"\" class=\"cell\"><div class=\"kuva\"><img decoding=\"async\" src=\"https:\/\/mikrokulma.fi\/kotka\/wp-content\/uploads\/2022\/06\/OmaLehti_Nro.4-175x225.jpg\"><\/div><span class=\"teksti\"><\/span><\/a><\/div><\/p>\n","protected":false},"excerpt":{"rendered":"<p>Tuote-esitteet<\/p>\n","protected":false},"author":1,"featured_media":0,"parent":0,"menu_order":0,"comment_status":"closed","ping_status":"closed","template":"","meta":{"_acf_changed":false,"footnotes":""},"class_list":["post-17","page","type-page","status-publish","hentry"],"acf":[],"yoast_head":"<!-- This site is optimized with the Yoast SEO plugin v27.4 - https:\/\/yoast.com\/product\/yoast-seo-wordpress\/ -->\n<title>Kuvastot - Mikrokulma Kotka<\/title>\n<meta name=\"robots\" content=\"index, follow, max-snippet:-1, max-image-preview:large, max-video-preview:-1\" \/>\n<link rel=\"canonical\" href=\"https:\/\/mikrokulma.fi\/kotka\/kuvastot\/\" \/>\n<meta property=\"og:locale\" content=\"fi_FI\" \/>\n<meta property=\"og:type\" content=\"article\" \/>\n<meta property=\"og:title\" content=\"Kuvastot - Mikrokulma Kotka\" \/>\n<meta property=\"og:description\" content=\"Tuote-esitteet\" \/>\n<meta property=\"og:url\" content=\"https:\/\/mikrokulma.fi\/kotka\/kuvastot\/\" \/>\n<meta property=\"og:site_name\" content=\"Mikrokulma Kotka\" \/>\n<meta property=\"article:modified_time\" content=\"2019-10-14T11:48:42+00:00\" \/>\n<meta name=\"twitter:card\" content=\"summary_large_image\" \/>\n<script type=\"application\/ld+json\" class=\"yoast-schema-graph\">{\"@context\":\"https:\\\/\\\/schema.org\",\"@graph\":[{\"@type\":\"WebPage\",\"@id\":\"https:\\\/\\\/mikrokulma.fi\\\/kotka\\\/kuvastot\\\/\",\"url\":\"https:\\\/\\\/mikrokulma.fi\\\/kotka\\\/kuvastot\\\/\",\"name\":\"Kuvastot - Mikrokulma Kotka\",\"isPartOf\":{\"@id\":\"https:\\\/\\\/mikrokulma.fi\\\/kotka\\\/#website\"},\"datePublished\":\"2017-11-28T13:59:04+00:00\",\"dateModified\":\"2019-10-14T11:48:42+00:00\",\"breadcrumb\":{\"@id\":\"https:\\\/\\\/mikrokulma.fi\\\/kotka\\\/kuvastot\\\/#breadcrumb\"},\"inLanguage\":\"fi\",\"potentialAction\":[{\"@type\":\"ReadAction\",\"target\":[\"https:\\\/\\\/mikrokulma.fi\\\/kotka\\\/kuvastot\\\/\"]}]},{\"@type\":\"BreadcrumbList\",\"@id\":\"https:\\\/\\\/mikrokulma.fi\\\/kotka\\\/kuvastot\\\/#breadcrumb\",\"itemListElement\":[{\"@type\":\"ListItem\",\"position\":1,\"name\":\"Home\",\"item\":\"https:\\\/\\\/mikrokulma.fi\\\/kotka\\\/\"},{\"@type\":\"ListItem\",\"position\":2,\"name\":\"Kuvastot\"}]},{\"@type\":\"WebSite\",\"@id\":\"https:\\\/\\\/mikrokulma.fi\\\/kotka\\\/#website\",\"url\":\"https:\\\/\\\/mikrokulma.fi\\\/kotka\\\/\",\"name\":\"Mikrokulma Kotka\",\"description\":\"\",\"potentialAction\":[{\"@type\":\"SearchAction\",\"target\":{\"@type\":\"EntryPoint\",\"urlTemplate\":\"https:\\\/\\\/mikrokulma.fi\\\/kotka\\\/?s={search_term_string}\"},\"query-input\":{\"@type\":\"PropertyValueSpecification\",\"valueRequired\":true,\"valueName\":\"search_term_string\"}}],\"inLanguage\":\"fi\"}]}<\/script>\n<!-- \/ Yoast SEO plugin. -->","yoast_head_json":{"title":"Kuvastot - Mikrokulma Kotka","robots":{"index":"index","follow":"follow","max-snippet":"max-snippet:-1","max-image-preview":"max-image-preview:large","max-video-preview":"max-video-preview:-1"},"canonical":"https:\/\/mikrokulma.fi\/kotka\/kuvastot\/","og_locale":"fi_FI","og_type":"article","og_title":"Kuvastot - Mikrokulma Kotka","og_description":"Tuote-esitteet","og_url":"https:\/\/mikrokulma.fi\/kotka\/kuvastot\/","og_site_name":"Mikrokulma Kotka","article_modified_time":"2019-10-14T11:48:42+00:00","twitter_card":"summary_large_image","schema":{"@context":"https:\/\/schema.org","@graph":[{"@type":"WebPage","@id":"https:\/\/mikrokulma.fi\/kotka\/kuvastot\/","url":"https:\/\/mikrokulma.fi\/kotka\/kuvastot\/","name":"Kuvastot - Mikrokulma Kotka","isPartOf":{"@id":"https:\/\/mikrokulma.fi\/kotka\/#website"},"datePublished":"2017-11-28T13:59:04+00:00","dateModified":"2019-10-14T11:48:42+00:00","breadcrumb":{"@id":"https:\/\/mikrokulma.fi\/kotka\/kuvastot\/#breadcrumb"},"inLanguage":"fi","potentialAction":[{"@type":"ReadAction","target":["https:\/\/mikrokulma.fi\/kotka\/kuvastot\/"]}]},{"@type":"BreadcrumbList","@id":"https:\/\/mikrokulma.fi\/kotka\/kuvastot\/#breadcrumb","itemListElement":[{"@type":"ListItem","position":1,"name":"Home","item":"https:\/\/mikrokulma.fi\/kotka\/"},{"@type":"ListItem","position":2,"name":"Kuvastot"}]},{"@type":"WebSite","@id":"https:\/\/mikrokulma.fi\/kotka\/#website","url":"https:\/\/mikrokulma.fi\/kotka\/","name":"Mikrokulma Kotka","description":"","potentialAction":[{"@type":"SearchAction","target":{"@type":"EntryPoint","urlTemplate":"https:\/\/mikrokulma.fi\/kotka\/?s={search_term_string}"},"query-input":{"@type":"PropertyValueSpecification","valueRequired":true,"valueName":"search_term_string"}}],"inLanguage":"fi"}]}},"_links":{"self":[{"href":"https:\/\/mikrokulma.fi\/kotka\/wp-json\/wp\/v2\/pages\/17","targetHints":{"allow":["GET"]}}],"collection":[{"href":"https:\/\/mikrokulma.fi\/kotka\/wp-json\/wp\/v2\/pages"}],"about":[{"href":"https:\/\/mikrokulma.fi\/kotka\/wp-json\/wp\/v2\/types\/page"}],"author":[{"embeddable":true,"href":"https:\/\/mikrokulma.fi\/kotka\/wp-json\/wp\/v2\/users\/1"}],"replies":[{"embeddable":true,"href":"https:\/\/mikrokulma.fi\/kotka\/wp-json\/wp\/v2\/comments?post=17"}],"version-history":[{"count":14,"href":"https:\/\/mikrokulma.fi\/kotka\/wp-json\/wp\/v2\/pages\/17\/revisions"}],"predecessor-version":[{"id":1977,"href":"https:\/\/mikrokulma.fi\/kotka\/wp-json\/wp\/v2\/pages\/17\/revisions\/1977"}],"wp:attachment":[{"href":"https:\/\/mikrokulma.fi\/kotka\/wp-json\/wp\/v2\/media?parent=17"}],"curies":[{"name":"wp","href":"https:\/\/api.w.org\/{rel}","templated":true}]}}