{"id":65,"date":"2018-02-27T12:38:44","date_gmt":"2018-02-27T12:38:44","guid":{"rendered":"https:\/\/mikrokulma.fi\/kotka\/?page_id=65"},"modified":"2026-03-30T08:00:02","modified_gmt":"2026-03-30T08:00:02","slug":"tarkemmat-yhteystiedot","status":"publish","type":"page","link":"https:\/\/mikrokulma.fi\/kotka\/tarkemmat-yhteystiedot\/","title":{"rendered":"Tarkemmat yhteystiedot"},"content":{"rendered":"<div class=\"columns row group\">\n<div class=\"columns row group\">\n<div class=\"col cols-2\">\n<h3>KONTTORI JA LASKUTUS<\/h3>\n<p>&nbsp;<\/p>\n<\/div>\n<p><strong>Jari Kontio<br \/>\n<\/strong>040-6543895<strong><br \/>\n<a href=\"mailto:jari.kontio@mikrokulma.fi\">jari.kontio@mikrokulma.fi<\/a><\/strong><\/p>\n<\/div>\n<div class=\"columns row group\">\n<div class=\"col cols-2\">\n<h3>TY\u00d6KALUT, VARAOSAT &amp; SUOJAIMET<\/h3>\n<\/div>\n<\/div>\n<\/div>\n<div class=\"columns row group\">\n<div class=\"col cols-2\">\n<p><strong>Ari Muranen<\/strong><br \/>\n<span><a href=\"mailto:ari.muranen@mikrokulma.fi\">ari.muranen@mikrokulma.fi<\/a><br \/>\n0<\/span>40-6543892<\/p>\n<p>&nbsp;<\/p>\n<p><strong>Seppo Kainulainen<\/strong><br \/>\n<span><a href=\"mailto:seppo.kainulainen@mikrokulma.fi\">seppo.kainulainen@mikrokulma.fi<\/a><br \/>\n040-1549732<br \/>\n<\/span><\/p>\n<p>&nbsp;<\/p>\n<p>&nbsp;<\/p>\n<\/div>\n<div class=\"col cols-2\">\n<h3>Yritysmyynti<\/h3>\n<p><strong>Ari Muranen<\/strong><br \/>\n<span><a href=\"mailto:ari.muranen@mikrokulma.fi\">ari.muranen@mikrokulma.fi<\/a><br \/>\n0<\/span>40-6543892<\/p>\n<p>&nbsp;<\/p>\n<h3>Myym\u00e4l\u00e4p\u00e4\u00e4llikk\u00f6<\/h3>\n<p><strong>Jari Kontio<\/strong><br \/>\n040-6543895<br \/>\n<a href=\"mailto:jari.kontio@mikrokulma.fi\">jari.kontio@mikrokulma.fi<\/a><\/p>\n<p>&nbsp;<\/p>\n<h3>Pienkone- ja m\u00f6nkij\u00e4huolto<\/h3>\n<p><strong>Jarmo Liimatta<br \/>\n<\/strong>040-6543890<br \/>\njarmo.liimatta@mikrokulma.fi<strong><br \/>\n<\/strong><\/p>\n<p>&nbsp;<\/p>\n<p>&nbsp;<\/p>\n<\/div>\n<\/div>\n<p>&nbsp;<\/p>\n","protected":false},"excerpt":{"rendered":"<p>KONTTORI JA LASKUTUS &nbsp; Jari Kontio 040-6543895 jari.kontio@mikrokulma.fi TY\u00d6KALUT, VARAOSAT &amp; SUOJAIMET Ari Muranen ari.muranen@mikrokulma.fi 040-6543892 &nbsp; Seppo Kainulainen seppo.kainulainen@mikrokulma.fi 040-1549732 &nbsp; &nbsp; Yritysmyynti Ari Muranen ari.muranen@mikrokulma.fi 040-6543892 &nbsp; Myym\u00e4l\u00e4p\u00e4\u00e4llikk\u00f6 Jari Kontio 040-6543895 jari.kontio@mikrokulma.fi &nbsp; Pienkone- ja m\u00f6nkij\u00e4huolto Jarmo Liimatta 040-6543890 jarmo.liimatta@mikrokulma.fi &nbsp; &nbsp; &nbsp;<\/p>\n","protected":false},"author":1,"featured_media":0,"parent":0,"menu_order":0,"comment_status":"closed","ping_status":"closed","template":"","meta":{"_acf_changed":false,"footnotes":""},"class_list":["post-65","page","type-page","status-publish","hentry"],"acf":[],"yoast_head":"<!-- This site is optimized with the Yoast SEO plugin v27.3 - https:\/\/yoast.com\/product\/yoast-seo-wordpress\/ -->\n<title>Tarkemmat yhteystiedot - Mikrokulma Kotka<\/title>\n<meta name=\"robots\" content=\"index, follow, max-snippet:-1, max-image-preview:large, max-video-preview:-1\" \/>\n<link rel=\"canonical\" href=\"https:\/\/mikrokulma.fi\/kotka\/tarkemmat-yhteystiedot\/\" \/>\n<meta property=\"og:locale\" content=\"fi_FI\" \/>\n<meta property=\"og:type\" content=\"article\" \/>\n<meta property=\"og:title\" content=\"Tarkemmat yhteystiedot - Mikrokulma Kotka\" \/>\n<meta property=\"og:description\" content=\"KONTTORI JA LASKUTUS &nbsp; Jari Kontio 040-6543895 jari.kontio@mikrokulma.fi TY\u00d6KALUT, VARAOSAT &amp; SUOJAIMET Ari Muranen ari.muranen@mikrokulma.fi 040-6543892 &nbsp; Seppo Kainulainen seppo.kainulainen@mikrokulma.fi 040-1549732 &nbsp; &nbsp; Yritysmyynti Ari Muranen ari.muranen@mikrokulma.fi 040-6543892 &nbsp; Myym\u00e4l\u00e4p\u00e4\u00e4llikk\u00f6 Jari Kontio 040-6543895 jari.kontio@mikrokulma.fi &nbsp; Pienkone- ja m\u00f6nkij\u00e4huolto Jarmo Liimatta 040-6543890 jarmo.liimatta@mikrokulma.fi &nbsp; &nbsp; &nbsp;\" \/>\n<meta property=\"og:url\" content=\"https:\/\/mikrokulma.fi\/kotka\/tarkemmat-yhteystiedot\/\" \/>\n<meta property=\"og:site_name\" content=\"Mikrokulma Kotka\" \/>\n<meta property=\"article:modified_time\" content=\"2026-03-30T08:00:02+00:00\" \/>\n<meta name=\"twitter:card\" content=\"summary_large_image\" \/>\n<meta name=\"twitter:label1\" content=\"Arvioitu lukuaika\" \/>\n\t<meta name=\"twitter:data1\" content=\"1 minuutti\" \/>\n<script type=\"application\/ld+json\" class=\"yoast-schema-graph\">{\"@context\":\"https:\\\/\\\/schema.org\",\"@graph\":[{\"@type\":\"WebPage\",\"@id\":\"https:\\\/\\\/mikrokulma.fi\\\/kotka\\\/tarkemmat-yhteystiedot\\\/\",\"url\":\"https:\\\/\\\/mikrokulma.fi\\\/kotka\\\/tarkemmat-yhteystiedot\\\/\",\"name\":\"Tarkemmat yhteystiedot - Mikrokulma Kotka\",\"isPartOf\":{\"@id\":\"https:\\\/\\\/mikrokulma.fi\\\/kotka\\\/#website\"},\"datePublished\":\"2018-02-27T12:38:44+00:00\",\"dateModified\":\"2026-03-30T08:00:02+00:00\",\"breadcrumb\":{\"@id\":\"https:\\\/\\\/mikrokulma.fi\\\/kotka\\\/tarkemmat-yhteystiedot\\\/#breadcrumb\"},\"inLanguage\":\"fi\",\"potentialAction\":[{\"@type\":\"ReadAction\",\"target\":[\"https:\\\/\\\/mikrokulma.fi\\\/kotka\\\/tarkemmat-yhteystiedot\\\/\"]}]},{\"@type\":\"BreadcrumbList\",\"@id\":\"https:\\\/\\\/mikrokulma.fi\\\/kotka\\\/tarkemmat-yhteystiedot\\\/#breadcrumb\",\"itemListElement\":[{\"@type\":\"ListItem\",\"position\":1,\"name\":\"Home\",\"item\":\"https:\\\/\\\/mikrokulma.fi\\\/kotka\\\/\"},{\"@type\":\"ListItem\",\"position\":2,\"name\":\"Tarkemmat yhteystiedot\"}]},{\"@type\":\"WebSite\",\"@id\":\"https:\\\/\\\/mikrokulma.fi\\\/kotka\\\/#website\",\"url\":\"https:\\\/\\\/mikrokulma.fi\\\/kotka\\\/\",\"name\":\"Mikrokulma Kotka\",\"description\":\"\",\"potentialAction\":[{\"@type\":\"SearchAction\",\"target\":{\"@type\":\"EntryPoint\",\"urlTemplate\":\"https:\\\/\\\/mikrokulma.fi\\\/kotka\\\/?s={search_term_string}\"},\"query-input\":{\"@type\":\"PropertyValueSpecification\",\"valueRequired\":true,\"valueName\":\"search_term_string\"}}],\"inLanguage\":\"fi\"}]}<\/script>\n<!-- \/ Yoast SEO plugin. -->","yoast_head_json":{"title":"Tarkemmat yhteystiedot - Mikrokulma Kotka","robots":{"index":"index","follow":"follow","max-snippet":"max-snippet:-1","max-image-preview":"max-image-preview:large","max-video-preview":"max-video-preview:-1"},"canonical":"https:\/\/mikrokulma.fi\/kotka\/tarkemmat-yhteystiedot\/","og_locale":"fi_FI","og_type":"article","og_title":"Tarkemmat yhteystiedot - Mikrokulma Kotka","og_description":"KONTTORI JA LASKUTUS &nbsp; Jari Kontio 040-6543895 jari.kontio@mikrokulma.fi TY\u00d6KALUT, VARAOSAT &amp; SUOJAIMET Ari Muranen ari.muranen@mikrokulma.fi 040-6543892 &nbsp; Seppo Kainulainen seppo.kainulainen@mikrokulma.fi 040-1549732 &nbsp; &nbsp; Yritysmyynti Ari Muranen ari.muranen@mikrokulma.fi 040-6543892 &nbsp; Myym\u00e4l\u00e4p\u00e4\u00e4llikk\u00f6 Jari Kontio 040-6543895 jari.kontio@mikrokulma.fi &nbsp; Pienkone- ja m\u00f6nkij\u00e4huolto Jarmo Liimatta 040-6543890 jarmo.liimatta@mikrokulma.fi &nbsp; &nbsp; &nbsp;","og_url":"https:\/\/mikrokulma.fi\/kotka\/tarkemmat-yhteystiedot\/","og_site_name":"Mikrokulma Kotka","article_modified_time":"2026-03-30T08:00:02+00:00","twitter_card":"summary_large_image","twitter_misc":{"Arvioitu lukuaika":"1 minuutti"},"schema":{"@context":"https:\/\/schema.org","@graph":[{"@type":"WebPage","@id":"https:\/\/mikrokulma.fi\/kotka\/tarkemmat-yhteystiedot\/","url":"https:\/\/mikrokulma.fi\/kotka\/tarkemmat-yhteystiedot\/","name":"Tarkemmat yhteystiedot - Mikrokulma Kotka","isPartOf":{"@id":"https:\/\/mikrokulma.fi\/kotka\/#website"},"datePublished":"2018-02-27T12:38:44+00:00","dateModified":"2026-03-30T08:00:02+00:00","breadcrumb":{"@id":"https:\/\/mikrokulma.fi\/kotka\/tarkemmat-yhteystiedot\/#breadcrumb"},"inLanguage":"fi","potentialAction":[{"@type":"ReadAction","target":["https:\/\/mikrokulma.fi\/kotka\/tarkemmat-yhteystiedot\/"]}]},{"@type":"BreadcrumbList","@id":"https:\/\/mikrokulma.fi\/kotka\/tarkemmat-yhteystiedot\/#breadcrumb","itemListElement":[{"@type":"ListItem","position":1,"name":"Home","item":"https:\/\/mikrokulma.fi\/kotka\/"},{"@type":"ListItem","position":2,"name":"Tarkemmat yhteystiedot"}]},{"@type":"WebSite","@id":"https:\/\/mikrokulma.fi\/kotka\/#website","url":"https:\/\/mikrokulma.fi\/kotka\/","name":"Mikrokulma Kotka","description":"","potentialAction":[{"@type":"SearchAction","target":{"@type":"EntryPoint","urlTemplate":"https:\/\/mikrokulma.fi\/kotka\/?s={search_term_string}"},"query-input":{"@type":"PropertyValueSpecification","valueRequired":true,"valueName":"search_term_string"}}],"inLanguage":"fi"}]}},"_links":{"self":[{"href":"https:\/\/mikrokulma.fi\/kotka\/wp-json\/wp\/v2\/pages\/65","targetHints":{"allow":["GET"]}}],"collection":[{"href":"https:\/\/mikrokulma.fi\/kotka\/wp-json\/wp\/v2\/pages"}],"about":[{"href":"https:\/\/mikrokulma.fi\/kotka\/wp-json\/wp\/v2\/types\/page"}],"author":[{"embeddable":true,"href":"https:\/\/mikrokulma.fi\/kotka\/wp-json\/wp\/v2\/users\/1"}],"replies":[{"embeddable":true,"href":"https:\/\/mikrokulma.fi\/kotka\/wp-json\/wp\/v2\/comments?post=65"}],"version-history":[{"count":11,"href":"https:\/\/mikrokulma.fi\/kotka\/wp-json\/wp\/v2\/pages\/65\/revisions"}],"predecessor-version":[{"id":2106,"href":"https:\/\/mikrokulma.fi\/kotka\/wp-json\/wp\/v2\/pages\/65\/revisions\/2106"}],"wp:attachment":[{"href":"https:\/\/mikrokulma.fi\/kotka\/wp-json\/wp\/v2\/media?parent=65"}],"curies":[{"name":"wp","href":"https:\/\/api.w.org\/{rel}","templated":true}]}}