{"id":8,"date":"2017-11-28T13:57:18","date_gmt":"2017-11-28T13:57:18","guid":{"rendered":"https:\/\/mikrokulma.fi\/kotka\/?page_id=8"},"modified":"2023-12-14T13:08:18","modified_gmt":"2023-12-14T13:08:18","slug":"yhteystiedot","status":"publish","type":"page","link":"https:\/\/mikrokulma.fi\/kotka\/yhteystiedot\/","title":{"rendered":"Yhteystiedot"},"content":{"rendered":"<div class=\"columns row group\">\n<div class=\"col cols-2\">\n<h2>Yhteystiedot<\/h2>\n<p>&nbsp;<\/p>\n<p><b>Porvoon Mikrokulma Oy \/ Kotka<\/b><br \/>\nHuumantie 1, 48230 Kotka<\/p>\n<p><strong>Ty\u00f6kalut &amp; suojaimet<\/strong><br \/>\n<span>0207 5980 28<\/span><\/p>\n<p><strong>Varaosat<\/strong><br \/>\n<span>0207 5980 29<\/span><\/p>\n<p><strong>Yritysmyynti<\/strong><br \/>\n<span>0207 5980 30<\/span><\/p>\n<p><strong>Pienkonehuolto<\/strong><br \/>\n<span>040 65 43 890<\/span><\/p>\n<p><span><a class=\"moz-txt-link-abbreviated\" href=\"mailto:kotka@mikrokulma.fi\">kotka@mikrokulma.fi<\/a><\/span><\/p>\n<p><a href=\"https:\/\/mikrokulma.fi\/kotka\/tarkemmat-yhteystiedot\/\">Tarkemmat yhteystiedot<\/a><strong><\/strong><\/p>\n<\/div>\n<div class=\"col cols-2\">\n<h2>Ota meihin yhteytt\u00e4 tai anna palautetta<\/h2>\n<div class=\"frm_forms  with_frm_style frm_style_formidable-style\" id=\"frm_form_7_container\" >\n<form enctype=\"multipart\/form-data\" method=\"post\" class=\"frm-show-form  frm_pro_form \" id=\"form_ay19x\" >\n<div class=\"frm_form_fields \">\n<fieldset>\n<legend class=\"frm_hidden\">Yhteydenotto<\/legend>\r\n\r\n<div class=\"frm_fields_container\">\n<input type=\"hidden\" name=\"frm_action\" value=\"create\" \/>\n<input type=\"hidden\" name=\"form_id\" value=\"7\" \/>\n<input type=\"hidden\" name=\"frm_hide_fields_7\" id=\"frm_hide_fields_7\" value=\"\" \/>\n<input type=\"hidden\" name=\"form_key\" value=\"ay19x\" \/>\n<input type=\"hidden\" name=\"item_meta[0]\" value=\"\" \/>\n<input type=\"hidden\" id=\"frm_submit_entry_7\" name=\"frm_submit_entry_7\" value=\"749a5af857\" \/><input type=\"hidden\" name=\"_wp_http_referer\" value=\"\/kotka\/wp-json\/wp\/v2\/pages\/8\" \/><div id=\"frm_field_69_container\" class=\"frm_form_field form-field  frm_required_field frm_top_container frm_full\">\r\n    <label for=\"field_1sjd1\" class=\"frm_primary_label\">Nimi\r\n        <span class=\"frm_required\">*<\/span>\r\n    <\/label>\r\n    <input  type=\"text\" id=\"field_1sjd1\" name=\"item_meta[69]\" value=\"\"  data-reqmsg=\"T\u00e4yt\u00e4 pakollinen kentt\u00e4.\" aria-required=\"true\" data-invmsg=\"Nimi is invalid\" aria-invalid=\"false\"   \/>\r\n    \r\n    \r\n<\/div>\n<div id=\"frm_field_70_container\" class=\"frm_form_field form-field  frm_required_field frm_top_container frm_full\">\r\n    <label for=\"field_fqyuj\" class=\"frm_primary_label\">S\u00e4hk\u00f6posti\r\n        <span class=\"frm_required\">*<\/span>\r\n    <\/label>\r\n    <input type=\"email\" id=\"field_fqyuj\" name=\"item_meta[70]\" value=\"\"  data-reqmsg=\"T\u00e4yt\u00e4 pakollinen kentt\u00e4.\" aria-required=\"true\" data-invmsg=\"S\u00e4hk\u00f6postiosoite on virheellinen.\" aria-invalid=\"false\"  \/>\r\n    \r\n    \r\n<\/div>\n<div id=\"frm_field_71_container\" class=\"frm_form_field form-field  frm_top_container frm_full\">\r\n    <label for=\"field_xt2c6\" class=\"frm_primary_label\">Puhelin\r\n        <span class=\"frm_required\"><\/span>\r\n    <\/label>\r\n    <input  type=\"text\" id=\"field_xt2c6\" name=\"item_meta[71]\" value=\"\"  data-invmsg=\"Puhelin is invalid\" aria-invalid=\"false\"   \/>\r\n    \r\n    \r\n<\/div>\n<div id=\"frm_field_72_container\" class=\"frm_form_field form-field  frm_top_container frm_full\">\r\n    <label for=\"field_59k3h\" class=\"frm_primary_label\">Viesti\r\n        <span class=\"frm_required\"><\/span>\r\n    <\/label>\r\n    <textarea name=\"item_meta[72]\" id=\"field_59k3h\" rows=\"5\"  data-invmsg=\"Viesti is invalid\" aria-invalid=\"false\"  ><\/textarea>\r\n    \r\n    \r\n<\/div>\n\t<input type=\"hidden\" name=\"item_key\" value=\"\" \/>\n\t\t\t<div id=\"frm_field_81_container\">\n\t\t\t<label for=\"field_67mok\"  style=\"display:none;\">\n\t\t\t\tIf you are human, leave this field blank.\t\t\t<\/label>\n\t\t\t<input  id=\"field_67mok\" type=\"text\" class=\"frm_form_field form-field frm_verify\" name=\"item_meta[81]\" value=\"\"  style=\"display:none;\" \/>\n\t\t<\/div>\n\t\t<input name=\"frm_state\" type=\"hidden\" value=\"5mMJMjiqt0wNP+qRqDNFjLGjiND87N3HBZoHcg5AxSeSEvreldg8XjA2bOuflS\/m\" \/><div class=\"frm_submit\">\r\n\r\n<button class=\"frm_button_submit frm_final_submit\" type=\"submit\"   formnovalidate=\"formnovalidate\">L\u00e4het\u00e4<\/button>\r\n\r\n<\/div><\/div>\n<\/fieldset>\n<\/div>\n\n<\/form>\n<\/div>\n\n<\/div>\n<\/div>\n<p>&nbsp;<\/p>\n<p>&nbsp;<\/p>\n<p>&nbsp;<\/p>\n<p><span>\u00a0<div class=\"map_canvas kartta1\"><\/div><\/span><\/p>\n<p>&nbsp;<\/p>\n<p style=\"text-align: center\">Porvoon Mikrokulma Oy \/ Kotka | Huumantie 1, 48230 Kotka |<strong>\u00a0<\/strong>Y-0683430-5 | Laadun tavaratalo j\u00e4rkevin hinnoin<\/p>\n","protected":false},"excerpt":{"rendered":"<p>Yhteystiedot &nbsp; Porvoon Mikrokulma Oy \/ Kotka Huumantie 1, 48230 Kotka Ty\u00f6kalut &amp; suojaimet 0207 5980 28 Varaosat 0207 5980 29 Yritysmyynti 0207 5980 30 Pienkonehuolto 040 65 43 890 kotka@mikrokulma.fi Tarkemmat yhteystiedot Ota meihin yhteytt\u00e4 tai anna palautetta &nbsp; &nbsp; &nbsp; \u00a0 &nbsp; Porvoon Mikrokulma Oy \/ Kotka | Huumantie 1, 48230 Kotka |\u00a0Y-0683430-5 [&hellip;]<\/p>\n","protected":false},"author":1,"featured_media":0,"parent":0,"menu_order":0,"comment_status":"closed","ping_status":"closed","template":"","meta":{"_acf_changed":false,"footnotes":""},"class_list":["post-8","page","type-page","status-publish","hentry"],"acf":[],"yoast_head":"<!-- This site is optimized with the Yoast SEO plugin v27.3 - https:\/\/yoast.com\/product\/yoast-seo-wordpress\/ -->\n<title>Yhteystiedot - Mikrokulma Kotka<\/title>\n<meta name=\"robots\" content=\"index, follow, max-snippet:-1, max-image-preview:large, max-video-preview:-1\" \/>\n<link rel=\"canonical\" href=\"https:\/\/mikrokulma.fi\/kotka\/yhteystiedot\/\" \/>\n<meta property=\"og:locale\" content=\"fi_FI\" \/>\n<meta property=\"og:type\" content=\"article\" \/>\n<meta property=\"og:title\" content=\"Yhteystiedot - Mikrokulma Kotka\" \/>\n<meta property=\"og:description\" content=\"Yhteystiedot &nbsp; Porvoon Mikrokulma Oy \/ Kotka Huumantie 1, 48230 Kotka Ty\u00f6kalut &amp; suojaimet 0207 5980 28 Varaosat 0207 5980 29 Yritysmyynti 0207 5980 30 Pienkonehuolto 040 65 43 890 kotka@mikrokulma.fi Tarkemmat yhteystiedot Ota meihin yhteytt\u00e4 tai anna palautetta &nbsp; &nbsp; &nbsp; \u00a0 &nbsp; Porvoon Mikrokulma Oy \/ Kotka | Huumantie 1, 48230 Kotka |\u00a0Y-0683430-5 [&hellip;]\" \/>\n<meta property=\"og:url\" content=\"https:\/\/mikrokulma.fi\/kotka\/yhteystiedot\/\" \/>\n<meta property=\"og:site_name\" content=\"Mikrokulma Kotka\" \/>\n<meta property=\"article:modified_time\" content=\"2023-12-14T13:08:18+00:00\" \/>\n<meta name=\"twitter:card\" content=\"summary_large_image\" \/>\n<meta name=\"twitter:label1\" content=\"Arvioitu lukuaika\" \/>\n\t<meta name=\"twitter:data1\" content=\"1 minuutti\" \/>\n<script type=\"application\/ld+json\" class=\"yoast-schema-graph\">{\"@context\":\"https:\\\/\\\/schema.org\",\"@graph\":[{\"@type\":\"WebPage\",\"@id\":\"https:\\\/\\\/mikrokulma.fi\\\/kotka\\\/yhteystiedot\\\/\",\"url\":\"https:\\\/\\\/mikrokulma.fi\\\/kotka\\\/yhteystiedot\\\/\",\"name\":\"Yhteystiedot - Mikrokulma Kotka\",\"isPartOf\":{\"@id\":\"https:\\\/\\\/mikrokulma.fi\\\/kotka\\\/#website\"},\"datePublished\":\"2017-11-28T13:57:18+00:00\",\"dateModified\":\"2023-12-14T13:08:18+00:00\",\"breadcrumb\":{\"@id\":\"https:\\\/\\\/mikrokulma.fi\\\/kotka\\\/yhteystiedot\\\/#breadcrumb\"},\"inLanguage\":\"fi\",\"potentialAction\":[{\"@type\":\"ReadAction\",\"target\":[\"https:\\\/\\\/mikrokulma.fi\\\/kotka\\\/yhteystiedot\\\/\"]}]},{\"@type\":\"BreadcrumbList\",\"@id\":\"https:\\\/\\\/mikrokulma.fi\\\/kotka\\\/yhteystiedot\\\/#breadcrumb\",\"itemListElement\":[{\"@type\":\"ListItem\",\"position\":1,\"name\":\"Home\",\"item\":\"https:\\\/\\\/mikrokulma.fi\\\/kotka\\\/\"},{\"@type\":\"ListItem\",\"position\":2,\"name\":\"Yhteystiedot\"}]},{\"@type\":\"WebSite\",\"@id\":\"https:\\\/\\\/mikrokulma.fi\\\/kotka\\\/#website\",\"url\":\"https:\\\/\\\/mikrokulma.fi\\\/kotka\\\/\",\"name\":\"Mikrokulma Kotka\",\"description\":\"\",\"potentialAction\":[{\"@type\":\"SearchAction\",\"target\":{\"@type\":\"EntryPoint\",\"urlTemplate\":\"https:\\\/\\\/mikrokulma.fi\\\/kotka\\\/?s={search_term_string}\"},\"query-input\":{\"@type\":\"PropertyValueSpecification\",\"valueRequired\":true,\"valueName\":\"search_term_string\"}}],\"inLanguage\":\"fi\"}]}<\/script>\n<!-- \/ Yoast SEO plugin. -->","yoast_head_json":{"title":"Yhteystiedot - Mikrokulma Kotka","robots":{"index":"index","follow":"follow","max-snippet":"max-snippet:-1","max-image-preview":"max-image-preview:large","max-video-preview":"max-video-preview:-1"},"canonical":"https:\/\/mikrokulma.fi\/kotka\/yhteystiedot\/","og_locale":"fi_FI","og_type":"article","og_title":"Yhteystiedot - Mikrokulma Kotka","og_description":"Yhteystiedot &nbsp; Porvoon Mikrokulma Oy \/ Kotka Huumantie 1, 48230 Kotka Ty\u00f6kalut &amp; suojaimet 0207 5980 28 Varaosat 0207 5980 29 Yritysmyynti 0207 5980 30 Pienkonehuolto 040 65 43 890 kotka@mikrokulma.fi Tarkemmat yhteystiedot Ota meihin yhteytt\u00e4 tai anna palautetta &nbsp; &nbsp; &nbsp; \u00a0 &nbsp; Porvoon Mikrokulma Oy \/ Kotka | Huumantie 1, 48230 Kotka |\u00a0Y-0683430-5 [&hellip;]","og_url":"https:\/\/mikrokulma.fi\/kotka\/yhteystiedot\/","og_site_name":"Mikrokulma Kotka","article_modified_time":"2023-12-14T13:08:18+00:00","twitter_card":"summary_large_image","twitter_misc":{"Arvioitu lukuaika":"1 minuutti"},"schema":{"@context":"https:\/\/schema.org","@graph":[{"@type":"WebPage","@id":"https:\/\/mikrokulma.fi\/kotka\/yhteystiedot\/","url":"https:\/\/mikrokulma.fi\/kotka\/yhteystiedot\/","name":"Yhteystiedot - Mikrokulma Kotka","isPartOf":{"@id":"https:\/\/mikrokulma.fi\/kotka\/#website"},"datePublished":"2017-11-28T13:57:18+00:00","dateModified":"2023-12-14T13:08:18+00:00","breadcrumb":{"@id":"https:\/\/mikrokulma.fi\/kotka\/yhteystiedot\/#breadcrumb"},"inLanguage":"fi","potentialAction":[{"@type":"ReadAction","target":["https:\/\/mikrokulma.fi\/kotka\/yhteystiedot\/"]}]},{"@type":"BreadcrumbList","@id":"https:\/\/mikrokulma.fi\/kotka\/yhteystiedot\/#breadcrumb","itemListElement":[{"@type":"ListItem","position":1,"name":"Home","item":"https:\/\/mikrokulma.fi\/kotka\/"},{"@type":"ListItem","position":2,"name":"Yhteystiedot"}]},{"@type":"WebSite","@id":"https:\/\/mikrokulma.fi\/kotka\/#website","url":"https:\/\/mikrokulma.fi\/kotka\/","name":"Mikrokulma Kotka","description":"","potentialAction":[{"@type":"SearchAction","target":{"@type":"EntryPoint","urlTemplate":"https:\/\/mikrokulma.fi\/kotka\/?s={search_term_string}"},"query-input":{"@type":"PropertyValueSpecification","valueRequired":true,"valueName":"search_term_string"}}],"inLanguage":"fi"}]}},"_links":{"self":[{"href":"https:\/\/mikrokulma.fi\/kotka\/wp-json\/wp\/v2\/pages\/8","targetHints":{"allow":["GET"]}}],"collection":[{"href":"https:\/\/mikrokulma.fi\/kotka\/wp-json\/wp\/v2\/pages"}],"about":[{"href":"https:\/\/mikrokulma.fi\/kotka\/wp-json\/wp\/v2\/types\/page"}],"author":[{"embeddable":true,"href":"https:\/\/mikrokulma.fi\/kotka\/wp-json\/wp\/v2\/users\/1"}],"replies":[{"embeddable":true,"href":"https:\/\/mikrokulma.fi\/kotka\/wp-json\/wp\/v2\/comments?post=8"}],"version-history":[{"count":12,"href":"https:\/\/mikrokulma.fi\/kotka\/wp-json\/wp\/v2\/pages\/8\/revisions"}],"predecessor-version":[{"id":2079,"href":"https:\/\/mikrokulma.fi\/kotka\/wp-json\/wp\/v2\/pages\/8\/revisions\/2079"}],"wp:attachment":[{"href":"https:\/\/mikrokulma.fi\/kotka\/wp-json\/wp\/v2\/media?parent=8"}],"curies":[{"name":"wp","href":"https:\/\/api.w.org\/{rel}","templated":true}]}}